{"id":4473,"date":"2020-08-17T13:00:39","date_gmt":"2020-08-17T11:00:39","guid":{"rendered":"https:\/\/vogelsberg-blog.de\/blog\/?page_id=4473"},"modified":"2023-04-17T12:58:04","modified_gmt":"2023-04-17T10:58:04","slug":"unser-newsletter","status":"publish","type":"page","link":"https:\/\/vogelsberg-blog.de\/blog\/unser-newsletter\/","title":{"rendered":"Unser Newsletter"},"content":{"rendered":"\t\t<div data-elementor-type=\"wp-page\" data-elementor-id=\"4473\" class=\"elementor elementor-4473\" data-elementor-post-type=\"page\">\n\t\t\t\t\t\t<section class=\"elementor-section elementor-top-section elementor-element elementor-element-16bb143 elementor-section-content-middle elementor-section-boxed elementor-section-height-default elementor-section-height-default\" data-id=\"16bb143\" data-element_type=\"section\" data-e-type=\"section\" data-settings=\"{&quot;background_background&quot;:&quot;classic&quot;}\">\n\t\t\t\t\t\t<div class=\"elementor-container elementor-column-gap-no\">\n\t\t\t\t\t<div class=\"elementor-column elementor-col-50 elementor-top-column elementor-element elementor-element-43968de\" data-id=\"43968de\" data-element_type=\"column\" data-e-type=\"column\">\n\t\t\t<div class=\"elementor-widget-wrap elementor-element-populated\">\n\t\t\t\t\t\t<div class=\"elementor-element elementor-element-2284cda elementor-widget elementor-widget-text-editor\" data-id=\"2284cda\" data-element_type=\"widget\" data-e-type=\"widget\" data-widget_type=\"text-editor.default\">\n\t\t\t\t<div class=\"elementor-widget-container\">\n\t\t\t\t\t<span id=2284cda><\/span>\t\t\t\t<p>Pers\u00f6nlich informiert<\/p>\t\t\t\t\t\t\t\t<\/div>\n\t\t\t\t<\/div>\n\t\t\t\t<div class=\"elementor-element elementor-element-b22374f elementor-widget elementor-widget-heading\" data-id=\"b22374f\" data-element_type=\"widget\" data-e-type=\"widget\" data-widget_type=\"heading.default\">\n\t\t\t\t<div class=\"elementor-widget-container\">\n\t\t\t\t\t<span id=b22374f><\/span><h3 class=\"elementor-heading-title elementor-size-default\">NEWSLETTER<\/h3>\t\t\t\t<\/div>\n\t\t\t\t<\/div>\n\t\t\t\t<div class=\"elementor-element elementor-element-62780f3 elementor-widget elementor-widget-text-editor\" data-id=\"62780f3\" data-element_type=\"widget\" data-e-type=\"widget\" data-widget_type=\"text-editor.default\">\n\t\t\t\t<div class=\"elementor-widget-container\">\n\t\t\t\t\t<span id=62780f3><\/span>\t\t\t\t<p><strong>Die beste und einfachste Art, aus erster Hand<\/strong>\u00a0pers\u00f6nlich \u00fcber aktuelle Blog-Beitr\u00e4ge und anders informiert zu werden, ist immer noch <b>der \u201ealte\u201c Newesletter.<\/b><\/p><p style=\"text-align: center;\">\u00a0<\/p>\t\t\t\t\t\t\t\t<\/div>\n\t\t\t\t<\/div>\n\t\t\t\t\t<\/div>\n\t\t<\/div>\n\t\t\t\t<div class=\"elementor-column elementor-col-50 elementor-top-column elementor-element elementor-element-2f6f549\" data-id=\"2f6f549\" data-element_type=\"column\" data-e-type=\"column\">\n\t\t\t<div class=\"elementor-widget-wrap elementor-element-populated\">\n\t\t\t\t\t\t<div class=\"elementor-element elementor-element-70eb9c9 elementor-widget elementor-widget-shortcode\" data-id=\"70eb9c9\" data-element_type=\"widget\" data-e-type=\"widget\" data-widget_type=\"shortcode.default\">\n\t\t\t\t<div class=\"elementor-widget-container\">\n\t\t\t\t\t<span id=70eb9c9><\/span>\t\t<div class=\"elementor-shortcode\">  \n  \n  <div class=\"\n    mailpoet_form_popup_overlay\n      \"><\/div>\n  <div\n    id=\"mailpoet_form_1\"\n    class=\"\n      mailpoet_form\n      mailpoet_form_shortcode\n      mailpoet_form_position_\n      mailpoet_form_animation_\n    \"\n      >\n\n    <style type=\"text\/css\">\n     #mailpoet_form_1 .mailpoet_form { padding: 10px; }\n#mailpoet_form_1 .mailpoet_paragraph { line-height: 20px; }\n#mailpoet_form_1 .mailpoet_segment_label, #mailpoet_form_1 .mailpoet_text_label, #mailpoet_form_1 .mailpoet_textarea_label, #mailpoet_form_1 .mailpoet_select_label, #mailpoet_form_1 .mailpoet_radio_label, #mailpoet_form_1 .mailpoet_checkbox_label, #mailpoet_form_1 .mailpoet_list_label, #mailpoet_form_1 .mailpoet_date_label { display: block; font-weight: normal; }\n#mailpoet_form_1 .mailpoet_text, #mailpoet_form_1 .mailpoet_textarea, #mailpoet_form_1 .mailpoet_select, #mailpoet_form_1 .mailpoet_date_month, #mailpoet_form_1 .mailpoet_date_day, #mailpoet_form_1 .mailpoet_date_year, #mailpoet_form_1 .mailpoet_date { display: block; }\n#mailpoet_form_1 .mailpoet_text, #mailpoet_form_1 .mailpoet_textarea { width: 100%; }\n#mailpoet_form_1 .mailpoet_checkbox {  }\n#mailpoet_form_1 .mailpoet_submit {  }\n#mailpoet_form_1 .mailpoet_divider {  }\n#mailpoet_form_1 .mailpoet_message {  }\n#mailpoet_form_1 .mailpoet_validate_success { font-weight: 600; color: #468847; }\n#mailpoet_form_1 .mailpoet_validate_error { color: #b94a48; }\n#mailpoet_form_1 .mailpoet_form_loading { width: 30px; text-align: center; line-height: normal; }\n#mailpoet_form_1 .mailpoet_form_loading > span { width: 5px; height: 5px; background-color: #5b5b5b; }#mailpoet_form_1{border: 0px solid #ffffff;border-radius: 0px;background: #ff6900;color: #ffffff;text-align: left;}#mailpoet_form_1 form.mailpoet_form {padding: 23px;}#mailpoet_form_1{width: 100%;}#mailpoet_form_1 .mailpoet_message {margin: 0; padding: 0 20px;}#mailpoet_form_1 .mailpoet_paragraph.last {margin-bottom: 0} @media (max-width: 500px) {#mailpoet_form_1 {background: #ff6900;}} @media (min-width: 500px) {#mailpoet_form_1 .last .mailpoet_paragraph:last-child {margin-bottom: 0}}  @media (max-width: 500px) {#mailpoet_form_1 .mailpoet_form_column:last-child .mailpoet_paragraph:last-child {margin-bottom: 0}} \n    <\/style>\n\n    <form\n      target=\"_self\"\n      method=\"post\"\n      action=\"https:\/\/vogelsberg-blog.de\/blog\/wp-admin\/admin-post.php?action=mailpoet_subscription_form\"\n      class=\"mailpoet_form mailpoet_form_form mailpoet_form_shortcode\"\n      novalidate\n      data-delay=\"\"\n      data-exit-intent-enabled=\"\"\n      data-trigger-mode=\"\"\n      data-click-trigger-selector=\"\"\n      data-font-family=\"\"\n      data-cookie-expiration-time=\"\"\n    >\n      <input type=\"hidden\" name=\"data[form_id]\" value=\"1\" \/>\n      <input type=\"hidden\" name=\"token\" value=\"e03a8a2af8\" \/>\n      <input type=\"hidden\" name=\"api_version\" value=\"v1\" \/>\n      <input type=\"hidden\" name=\"endpoint\" value=\"subscribers\" \/>\n      <input type=\"hidden\" name=\"mailpoet_method\" value=\"subscribe\" \/>\n\n      <label class=\"mailpoet_hp_email_label\" style=\"display: none !important;\">Bitte dieses Feld leer lassen<input type=\"email\" name=\"data[email]\"\/><\/label><h3 class=\"mailpoet-heading  mailpoet-has-background-color\" style=\"text-align: left; color: #ffffff; background-color: #ff6900\">VOGELSBERGLIEBE<br>NEWSLETTER<\/h3>\n<div class=\"mailpoet_paragraph \"><input type=\"text\" autocomplete=\"given-name\" class=\"mailpoet_text\" id=\"form_first_name_1\" name=\"data[form_field_YThlZWNmMDQ2OTM3X2ZpcnN0X25hbWU=]\" title=\"Vorname\" value=\"\" style=\"padding:5px;margin: 0 auto 0 0;\" data-automation-id=\"form_first_name\"  placeholder=\"Vorname *\" aria-label=\"Vorname *\" data-parsley-errors-container=\".mailpoet_error_t92wz\" data-parsley-names='[&quot;Bitte gib einen g\u00fcltigen Namen an.&quot;,&quot;Adressen in Namen sind nicht erlaubt, bitte f\u00fcge stattdessen deinen Namen hinzu.&quot;]' data-parsley-required=\"true\" required aria-required=\"true\" data-parsley-required-message=\"Dieses Feld wird ben\u00f6tigt.\"\/><span class=\"mailpoet_error_t92wz\"><\/span><\/div>\n<div class=\"mailpoet_paragraph \"><input type=\"text\" autocomplete=\"family-name\" class=\"mailpoet_text\" id=\"form_last_name_1\" name=\"data[form_field_MmEwNzgyMjZiYjBmX2xhc3RfbmFtZQ==]\" title=\"Nachname\" value=\"\" style=\"padding:5px;margin: 0 auto 0 0;\" data-automation-id=\"form_last_name\"  placeholder=\"Nachname *\" aria-label=\"Nachname *\" data-parsley-errors-container=\".mailpoet_error_fvkzy\" data-parsley-names='[&quot;Bitte gib einen g\u00fcltigen Namen an.&quot;,&quot;Adressen in Namen sind nicht erlaubt, bitte f\u00fcge stattdessen deinen Namen hinzu.&quot;]' data-parsley-required=\"true\" required aria-required=\"true\" data-parsley-required-message=\"Dieses Feld wird ben\u00f6tigt.\"\/><span class=\"mailpoet_error_fvkzy\"><\/span><\/div>\n<div class=\"mailpoet_paragraph \"><input type=\"email\" autocomplete=\"email\" class=\"mailpoet_text\" id=\"form_email_1\" name=\"data[form_field_NjY1MWM1ZDgxZGI5X2VtYWls]\" title=\"E-Mail\" value=\"\" style=\"padding:5px;margin: 0 auto 0 0;\" data-automation-id=\"form_email\"  placeholder=\"E-Mail *\" aria-label=\"E-Mail *\" data-parsley-errors-container=\".mailpoet_error_1uhjt\" data-parsley-required=\"true\" required aria-required=\"true\" data-parsley-minlength=\"6\" data-parsley-maxlength=\"150\" data-parsley-type-message=\"Dieser Wert sollte eine g\u00fcltige E-Mail-Adresse sein.\" data-parsley-required-message=\"Dieses Feld wird ben\u00f6tigt.\"\/><span class=\"mailpoet_error_1uhjt\"><\/span><\/div>\n<div class=\"mailpoet_paragraph \"><input type=\"submit\" class=\"mailpoet_submit\" value=\"Abonnieren!\" data-automation-id=\"subscribe-submit-button\" style=\"background-color:#000000;border-style:solid;border-radius:0px !important;border-width:1px;border-color:#313131;padding:5px;margin: 0 auto 0 0;color:#ffffff;\" \/><span class=\"mailpoet_form_loading\"><span class=\"mailpoet_bounce1\"><\/span><span class=\"mailpoet_bounce2\"><\/span><span class=\"mailpoet_bounce3\"><\/span><\/span><\/div>\n<div class=\"mailpoet_paragraph \"><fieldset><legend class=\"mailpoet_checkbox_label\" >Datenschutzerkl\u00e4rung gelesen&nbsp;<span class=\"mailpoet_required\" aria-hidden=\"true\">*<\/span><\/legend><input type=\"hidden\" value=\"1\"  name=\"data[cf_1]\" \/><label class=\"mailpoet_checkbox_label\" for=\"mailpoet_checkbox_2\" ><input type=\"checkbox\" class=\"mailpoet_checkbox\" id=\"mailpoet_checkbox_2\" name=\"data[cf_1]\" value=\"1\" data-parsley-errors-container=\".mailpoet_error_1mqn8\" data-parsley-required=\"true\" required aria-required=\"true\" data-parsley-required-message=\"Dieses Feld wird ben\u00f6tigt.\" data-parsley-group=\"custom_field_1\" \/> <\/label><\/fieldset><span class=\"mailpoet_error_1mqn8\"><\/span><\/div>\n<div class=\"mailpoet_paragraph \" >Ihre E-Mail-Adresse wird nur zur Versendung der Newsletter genutzt. Bitte beachten Sie auch unsere Datenschutzrichtlinie (Link im Footer dieser Webseite).<br \/>\nEine Abbestellung des Abos ist jederzeit m\u00f6glich.<\/div>\n\n      <div class=\"mailpoet_message\">\n        <p class=\"mailpoet_validate_success\"\n                style=\"display:none;\"\n                >Pr\u00fcfe deinen Posteingang oder Spam-Ordner, um dein Abonnement zu best\u00e4tigen.\n        <\/p>\n        <p class=\"mailpoet_validate_error\"\n                style=\"display:none;\"\n                >        <\/p>\n      <\/div>\n    <\/form>\n\n      <\/div>\n\n  <\/div>\n\t\t\t\t\t\t<\/div>\n\t\t\t\t<\/div>\n\t\t\t\t\t<\/div>\n\t\t<\/div>\n\t\t\t\t\t<\/div>\n\t\t<\/section>\n\t\t\t\t<section class=\"elementor-section elementor-top-section elementor-element elementor-element-5f22936 elementor-section-boxed elementor-section-height-default elementor-section-height-default\" data-id=\"5f22936\" data-element_type=\"section\" data-e-type=\"section\">\n\t\t\t\t\t\t<div class=\"elementor-container elementor-column-gap-default\">\n\t\t\t\t\t<div class=\"elementor-column elementor-col-100 elementor-top-column elementor-element elementor-element-80c2e87\" data-id=\"80c2e87\" data-element_type=\"column\" data-e-type=\"column\">\n\t\t\t<div class=\"elementor-widget-wrap elementor-element-populated\">\n\t\t\t\t\t\t<div class=\"elementor-element elementor-element-52d5494 elementor-widget elementor-widget-heading\" data-id=\"52d5494\" data-element_type=\"widget\" data-e-type=\"widget\" data-widget_type=\"heading.default\">\n\t\t\t\t<div class=\"elementor-widget-container\">\n\t\t\t\t\t<span id=52d5494><\/span><h2 class=\"elementor-heading-title elementor-size-default\">Vogegelsbergliebe ESPRESSO Magazin<\/h2>\t\t\t\t<\/div>\n\t\t\t\t<\/div>\n\t\t\t\t<div class=\"elementor-element elementor-element-9470e06 elementor-widget elementor-widget-image\" data-id=\"9470e06\" data-element_type=\"widget\" data-e-type=\"widget\" data-widget_type=\"image.default\">\n\t\t\t\t<div class=\"elementor-widget-container\">\n\t\t\t\t\t<span id=9470e06><\/span>\t\t\t\t\t\t\t\t\t\t\t<a href=\"https:\/\/vogelsberg-blog.de\/blog\/espresso\/\">\n\t\t\t\t\t\t\t<img fetchpriority=\"high\" decoding=\"async\" width=\"1200\" height=\"900\" src=\"https:\/\/vogelsberg-blog.de\/blog\/wp-content\/uploads\/2023\/04\/ESPRESSO-OSTERN-2023_1.jpeg\" class=\"attachment-full size-full wp-image-7994\" alt=\"Fr\u00fchlingsgef\u00fchle -ESPRESSO - OSTERN - 2023 - Vogelsberg -Vogelsbergliebe\" srcset=\"https:\/\/vogelsberg-blog.de\/blog\/wp-content\/uploads\/2023\/04\/ESPRESSO-OSTERN-2023_1.jpeg 1200w, https:\/\/vogelsberg-blog.de\/blog\/wp-content\/uploads\/2023\/04\/ESPRESSO-OSTERN-2023_1-250x188.jpeg 250w, https:\/\/vogelsberg-blog.de\/blog\/wp-content\/uploads\/2023\/04\/ESPRESSO-OSTERN-2023_1-1024x768.jpeg 1024w, https:\/\/vogelsberg-blog.de\/blog\/wp-content\/uploads\/2023\/04\/ESPRESSO-OSTERN-2023_1-768x576.jpeg 768w\" sizes=\"(max-width: 1200px) 100vw, 1200px\" \/>\t\t\t\t\t\t\t\t<\/a>\n\t\t\t\t\t\t\t\t\t\t\t\t\t\t\t<\/div>\n\t\t\t\t<\/div>\n\t\t\t\t<div class=\"elementor-element elementor-element-17b4372 elementor-widget elementor-widget-heading\" data-id=\"17b4372\" data-element_type=\"widget\" data-e-type=\"widget\" data-widget_type=\"heading.default\">\n\t\t\t\t<div class=\"elementor-widget-container\">\n\t\t\t\t\t<span id=17b4372><\/span><h2 class=\"elementor-heading-title elementor-size-default\">Vogelsbergliebe ESPRESSO eFOTOMAGAZIN<\/h2>\t\t\t\t<\/div>\n\t\t\t\t<\/div>\n\t\t\t\t<div class=\"elementor-element elementor-element-7318fa7 elementor-widget elementor-widget-text-editor\" data-id=\"7318fa7\" data-element_type=\"widget\" data-e-type=\"widget\" data-widget_type=\"text-editor.default\">\n\t\t\t\t<div class=\"elementor-widget-container\">\n\t\t\t\t\t<span id=7318fa7><\/span>\t\t\t\t<p>Unser <strong>VOGELSBERLIEBE ESPRESSO<\/strong> erscheint als <strong>kostenloses<\/strong>\u00a0<b>digitales Foto-Magazin<\/b> zu ausgew\u00e4hlten Themen oder besonderen Fototouren durch\u00a0unsere <b>Vulkanregion Vogelsberg<\/b>.<\/p>\t\t\t\t\t\t\t\t<\/div>\n\t\t\t\t<\/div>\n\t\t\t\t<div class=\"elementor-element elementor-element-ad74b43 elementor-widget elementor-widget-button\" data-id=\"ad74b43\" data-element_type=\"widget\" data-e-type=\"widget\" data-widget_type=\"button.default\">\n\t\t\t\t<div class=\"elementor-widget-container\">\n\t\t\t\t\t<span id=ad74b43><\/span>\t\t\t\t<div class=\"elementor-button-wrapper\">\n\t\t\t\t\t<a class=\"elementor-button elementor-button-link elementor-size-sm\" href=\"https:\/\/vogelsberg-blog.de\/blog\/download\/8044\/?tmstv=1681030813\">\n\t\t\t\t\t\t<span class=\"elementor-button-content-wrapper\">\n\t\t\t\t\t\t\t\t\t<span class=\"elementor-button-text\">DOWNLOAD OSTER ESPRESSO FOTOMAGAZIN - PDF -31MB<\/span>\n\t\t\t\t\t<\/span>\n\t\t\t\t\t<\/a>\n\t\t\t\t<\/div>\n\t\t\t\t\t\t\t\t<\/div>\n\t\t\t\t<\/div>\n\t\t\t\t<div class=\"elementor-element elementor-element-63f3eff elementor-widget elementor-widget-button\" data-id=\"63f3eff\" data-element_type=\"widget\" data-e-type=\"widget\" data-widget_type=\"button.default\">\n\t\t\t\t<div class=\"elementor-widget-container\">\n\t\t\t\t\t<span id=63f3eff><\/span>\t\t\t\t<div class=\"elementor-button-wrapper\">\n\t\t\t\t\t<a class=\"elementor-button elementor-button-link elementor-size-sm\" href=\"https:\/\/vogelsberg-blog.de\/blog\/espresso\/\">\n\t\t\t\t\t\t<span class=\"elementor-button-content-wrapper\">\n\t\t\t\t\t\t\t\t\t<span class=\"elementor-button-text\">ZU DEN bisherigen ESPRESSO AUSGABEN<\/span>\n\t\t\t\t\t<\/span>\n\t\t\t\t\t<\/a>\n\t\t\t\t<\/div>\n\t\t\t\t\t\t\t\t<\/div>\n\t\t\t\t<\/div>\n\t\t\t\t\t<\/div>\n\t\t<\/div>\n\t\t\t\t\t<\/div>\n\t\t<\/section>\n\t\t\t\t<section class=\"elementor-section elementor-top-section elementor-element elementor-element-dd0464e elementor-section-content-middle elementor-reverse-mobile elementor-section-boxed elementor-section-height-default elementor-section-height-default\" data-id=\"dd0464e\" data-element_type=\"section\" data-e-type=\"section\" data-settings=\"{&quot;background_background&quot;:&quot;classic&quot;}\">\n\t\t\t\t\t\t<div class=\"elementor-container elementor-column-gap-no\">\n\t\t\t\t\t<div class=\"elementor-column elementor-col-50 elementor-top-column elementor-element elementor-element-febd43c\" data-id=\"febd43c\" data-element_type=\"column\" data-e-type=\"column\" data-settings=\"{&quot;background_background&quot;:&quot;classic&quot;}\">\n\t\t\t<div class=\"elementor-widget-wrap elementor-element-populated\">\n\t\t\t\t\t\t<div class=\"elementor-element elementor-element-b0a4092 elementor-widget elementor-widget-text-editor\" data-id=\"b0a4092\" data-element_type=\"widget\" data-e-type=\"widget\" data-widget_type=\"text-editor.default\">\n\t\t\t\t<div class=\"elementor-widget-container\">\n\t\t\t\t\t<span id=b0a4092><\/span>\t\t\t\t<p>#VOGELSBERGLIEBE<\/p>\t\t\t\t\t\t\t\t<\/div>\n\t\t\t\t<\/div>\n\t\t\t\t<div class=\"elementor-element elementor-element-bf2507e elementor-widget elementor-widget-heading\" data-id=\"bf2507e\" data-element_type=\"widget\" data-e-type=\"widget\" data-widget_type=\"heading.default\">\n\t\t\t\t<div class=\"elementor-widget-container\">\n\t\t\t\t\t<span id=bf2507e><\/span><h3 class=\"elementor-heading-title elementor-size-default\">Aktiv auf Socialmedia<\/h3>\t\t\t\t<\/div>\n\t\t\t\t<\/div>\n\t\t\t\t<div class=\"elementor-element elementor-element-678ef6d elementor-widget elementor-widget-text-editor\" data-id=\"678ef6d\" data-element_type=\"widget\" data-e-type=\"widget\" data-widget_type=\"text-editor.default\">\n\t\t\t\t<div class=\"elementor-widget-container\">\n\t\t\t\t\t<span id=678ef6d><\/span>\t\t\t\t<p>Hier findenest Du unsere aktuellen Aktivit\u00e4ten in unseren Socialmedia Kan\u00e4len. Wir w\u00fcrden uns sehr freuen wenn Du uns auf unseren Kan\u00e4len folgen w\u00fcrdest. Im \u00fcbrigen bis Du dann immer \u00fcber unsere Fotowalks und andere Themen von VOGELSBERGLIEBE zeitnah informiert.<\/p>\t\t\t\t\t\t\t\t<\/div>\n\t\t\t\t<\/div>\n\t\t\t\t<div class=\"elementor-element elementor-element-e496310 elementor-view-default elementor-invisible elementor-widget elementor-widget-icon\" data-id=\"e496310\" data-element_type=\"widget\" data-e-type=\"widget\" data-settings=\"{&quot;_animation&quot;:&quot;shake&quot;}\" data-widget_type=\"icon.default\">\n\t\t\t\t<div class=\"elementor-widget-container\">\n\t\t\t\t\t<span id=e496310><\/span>\t\t<div class=\"elementor-icon-wrapper\">\n\t\t\t<div class=\"elementor-icon\">\n\t\t\t<i aria-hidden=\"true\" class=\"far fa-hand-point-down\"><\/i>\t\t\t<\/div>\n\t\t<\/div>\n\t\t\t\t\t\t<\/div>\n\t\t\t\t<\/div>\n\t\t\t\t<div class=\"elementor-element elementor-element-2863c9e e-grid-align-left e-grid-align-mobile-center elementor-shape-rounded elementor-grid-0 elementor-widget elementor-widget-social-icons\" data-id=\"2863c9e\" data-element_type=\"widget\" data-e-type=\"widget\" data-widget_type=\"social-icons.default\">\n\t\t\t\t<div class=\"elementor-widget-container\">\n\t\t\t\t\t<span id=2863c9e><\/span>\t\t<div class=\"elementor-social-icons-wrapper elementor-grid\" role=\"list\">\n\t\t\t\t\t\t\t<span class=\"elementor-grid-item\" role=\"listitem\">\n\t\t\t\t\t<a class=\"elementor-icon elementor-social-icon elementor-social-icon-facebook elementor-repeater-item-8495d53\" href=\"https:\/\/www.facebook.com\/vogelsberg.blog\/\" target=\"_blank\">\n\t\t\t\t\t\t<span class=\"elementor-screen-only\">Facebook<\/span>\n\t\t\t\t\t\t<i aria-hidden=\"true\" class=\"fab fa-facebook\"><\/i>\t\t\t\t\t<\/a>\n\t\t\t\t<\/span>\n\t\t\t\t\t\t\t<span class=\"elementor-grid-item\" role=\"listitem\">\n\t\t\t\t\t<a class=\"elementor-icon elementor-social-icon elementor-social-icon-twitter elementor-repeater-item-ae340da\" href=\"https:\/\/twitter.com\/vogelsbergblog\" target=\"_blank\">\n\t\t\t\t\t\t<span class=\"elementor-screen-only\">Twitter<\/span>\n\t\t\t\t\t\t<i aria-hidden=\"true\" class=\"fab fa-twitter\"><\/i>\t\t\t\t\t<\/a>\n\t\t\t\t<\/span>\n\t\t\t\t\t\t\t<span class=\"elementor-grid-item\" role=\"listitem\">\n\t\t\t\t\t<a class=\"elementor-icon elementor-social-icon elementor-social-icon-youtube elementor-repeater-item-ba5ad92\" href=\"https:\/\/www.youtube.com\/channel\/UCkNVkbMoKsq-xshs6Y5qKQA\" target=\"_blank\">\n\t\t\t\t\t\t<span class=\"elementor-screen-only\">Youtube<\/span>\n\t\t\t\t\t\t<i aria-hidden=\"true\" class=\"fab fa-youtube\"><\/i>\t\t\t\t\t<\/a>\n\t\t\t\t<\/span>\n\t\t\t\t\t\t\t<span class=\"elementor-grid-item\" role=\"listitem\">\n\t\t\t\t\t<a class=\"elementor-icon elementor-social-icon elementor-social-icon-pinterest elementor-repeater-item-1d026b3\" href=\"https:\/\/www.pinterest.com\/vogelsbergliebe\" target=\"_blank\">\n\t\t\t\t\t\t<span class=\"elementor-screen-only\">Pinterest<\/span>\n\t\t\t\t\t\t<i aria-hidden=\"true\" class=\"fab fa-pinterest\"><\/i>\t\t\t\t\t<\/a>\n\t\t\t\t<\/span>\n\t\t\t\t\t\t\t<span class=\"elementor-grid-item\" role=\"listitem\">\n\t\t\t\t\t<a class=\"elementor-icon elementor-social-icon elementor-social-icon-instagram elementor-repeater-item-ed17393\" href=\"https:\/\/www.instagram.com\/vogelsbergliebe\/\" target=\"_blank\">\n\t\t\t\t\t\t<span class=\"elementor-screen-only\">Instagram<\/span>\n\t\t\t\t\t\t<i aria-hidden=\"true\" class=\"fab fa-instagram\"><\/i>\t\t\t\t\t<\/a>\n\t\t\t\t<\/span>\n\t\t\t\t\t<\/div>\n\t\t\t\t\t\t<\/div>\n\t\t\t\t<\/div>\n\t\t\t\t\t<\/div>\n\t\t<\/div>\n\t\t\t\t<div class=\"elementor-column elementor-col-50 elementor-top-column elementor-element elementor-element-a664b9d\" data-id=\"a664b9d\" data-element_type=\"column\" data-e-type=\"column\">\n\t\t\t<div class=\"elementor-widget-wrap elementor-element-populated\">\n\t\t\t\t\t\t<div class=\"elementor-element elementor-element-4fb6938 elementor-widget elementor-widget-image\" data-id=\"4fb6938\" data-element_type=\"widget\" data-e-type=\"widget\" data-widget_type=\"image.default\">\n\t\t\t\t<div class=\"elementor-widget-container\">\n\t\t\t\t\t<span id=4fb6938><\/span>\t\t\t\t\t\t\t\t\t\t\t<a href=\"https:\/\/www.instagram.com\/vogelsbergliebe\/\" target=\"_blank\">\n\t\t\t\t\t\t\t<img decoding=\"async\" src=\"https:\/\/vogelsberg-blog.de\/blog\/wp-content\/uploads\/elementor\/thumbs\/Vogelsbergliebe.de-Copyright-Kind-im-Bergm\u00e4hwiese-oqbr0lfpuboqid0wfb9rz9lxtpngo701atiqzqr1og.jpg\" title=\"Vogelsbergliebe.de -Copyright &#8211; Kind in Bergm\u00e4hwiese\" alt=\"Vogelsbergliebe.de -Copyright - Kind in Bergm\u00e4hwiese\" loading=\"lazy\" \/>\t\t\t\t\t\t\t\t<\/a>\n\t\t\t\t\t\t\t\t\t\t\t\t\t\t\t<\/div>\n\t\t\t\t<\/div>\n\t\t\t\t\t<\/div>\n\t\t<\/div>\n\t\t\t\t\t<\/div>\n\t\t<\/section>\n\t\t\t\t<\/div>\n\t\t","protected":false},"excerpt":{"rendered":"<p>Pers\u00f6nlich informiert NEWSLETTER Die beste und einfachste Art, aus erster Hand\u00a0pers\u00f6nlich \u00fcber aktuelle Blog-Beitr\u00e4ge und anders informiert zu werden, ist immer noch der \u201ealte\u201c Newesletter. \u00a0 Vogegelsbergliebe ESPRESSO Magazin Vogelsbergliebe &#8230; <a title=\"Unser Newsletter\" class=\"read-more\" href=\"https:\/\/vogelsberg-blog.de\/blog\/unser-newsletter\/\" aria-label=\"Mehr Informationen \u00fcber Unser Newsletter\">&#8230; weiterlesen<\/a><\/p>\n","protected":false},"author":1,"featured_media":0,"parent":0,"menu_order":0,"comment_status":"closed","ping_status":"closed","template":"elementor_header_footer","meta":{"_uag_custom_page_level_css":"","generate_page_header":"","footnotes":""},"class_list":{"0":"post-4473","1":"page","2":"type-page","3":"status-publish","5":"infinite-scroll-item"},"aioseo_notices":[],"uagb_featured_image_src":{"full":false,"thumbnail":false,"medium":false,"medium_large":false,"large":false,"1536x1536":false,"2048x2048":false,"wp_review_large":false,"wp_review_small":false,"mailpoet_newsletter_max":false},"uagb_author_info":{"display_name":"VB - Admin","author_link":"https:\/\/vogelsberg-blog.de\/blog\/author\/pixelladen\/"},"uagb_comment_info":0,"uagb_excerpt":"Pers\u00f6nlich informiert NEWSLETTER Die beste und einfachste Art, aus erster Hand\u00a0pers\u00f6nlich \u00fcber aktuelle Blog-Beitr\u00e4ge und anders informiert zu werden, ist immer noch der \u201ealte\u201c Newesletter. \u00a0 Vogegelsbergliebe ESPRESSO Magazin Vogelsbergliebe ... ... weiterlesen","_links":{"self":[{"href":"https:\/\/vogelsberg-blog.de\/blog\/wp-json\/wp\/v2\/pages\/4473","targetHints":{"allow":["GET"]}}],"collection":[{"href":"https:\/\/vogelsberg-blog.de\/blog\/wp-json\/wp\/v2\/pages"}],"about":[{"href":"https:\/\/vogelsberg-blog.de\/blog\/wp-json\/wp\/v2\/types\/page"}],"author":[{"embeddable":true,"href":"https:\/\/vogelsberg-blog.de\/blog\/wp-json\/wp\/v2\/users\/1"}],"replies":[{"embeddable":true,"href":"https:\/\/vogelsberg-blog.de\/blog\/wp-json\/wp\/v2\/comments?post=4473"}],"version-history":[{"count":59,"href":"https:\/\/vogelsberg-blog.de\/blog\/wp-json\/wp\/v2\/pages\/4473\/revisions"}],"predecessor-version":[{"id":8085,"href":"https:\/\/vogelsberg-blog.de\/blog\/wp-json\/wp\/v2\/pages\/4473\/revisions\/8085"}],"wp:attachment":[{"href":"https:\/\/vogelsberg-blog.de\/blog\/wp-json\/wp\/v2\/media?parent=4473"}],"curies":[{"name":"wp","href":"https:\/\/api.w.org\/{rel}","templated":true}]}}